{"id":9,"date":"2022-07-21T12:17:52","date_gmt":"2022-07-21T10:17:52","guid":{"rendered":"https:\/\/egofit.fr\/?page_id=9"},"modified":"2024-03-17T05:11:26","modified_gmt":"2024-03-17T04:11:26","slug":"lhistoire-commence-ici","status":"publish","type":"page","link":"https:\/\/egofit.fr\/","title":{"rendered":"L&rsquo;histoire commence ici"},"content":{"rendered":"\t\t<div data-elementor-type=\"wp-page\" data-elementor-id=\"9\" class=\"elementor elementor-9\">\n\t\t\t\t\t\t\t\t\t<section class=\"elementor-section elementor-top-section elementor-element elementor-element-f1e8798 elementor-section-boxed elementor-section-height-default elementor-section-height-default\" data-id=\"f1e8798\" data-element_type=\"section\" data-settings=\"{&quot;background_background&quot;:&quot;video&quot;,&quot;background_video_link&quot;:&quot;https:\\\/\\\/egofit.fr\\\/wp-content\\\/uploads\\\/2022\\\/07\\\/Waves-447.mp4&quot;,&quot;background_play_on_mobile&quot;:&quot;yes&quot;}\">\n\t\t\t\t\t\t\t\t<div class=\"elementor-background-video-container\">\n\t\t\t\t\t\t\t\t\t\t\t\t\t<video class=\"elementor-background-video-hosted elementor-html5-video\" autoplay muted playsinline loop><\/video>\n\t\t\t\t\t\t\t\t\t\t\t<\/div>\n\t\t\t\t\t\t\t\t<div class=\"elementor-container elementor-column-gap-default\">\n\t\t\t\t\t<div class=\"elementor-column elementor-col-100 elementor-top-column elementor-element elementor-element-548fd42\" data-id=\"548fd42\" data-element_type=\"column\">\n\t\t\t<div class=\"elementor-widget-wrap elementor-element-populated\">\n\t\t\t\t\t\t\t\t<div class=\"elementor-element elementor-element-39b6e07 elementor-widget elementor-widget-image\" data-id=\"39b6e07\" data-element_type=\"widget\" data-widget_type=\"image.default\">\n\t\t\t\t<div class=\"elementor-widget-container\">\n\t\t\t<style>\/*! elementor - v3.6.7 - 03-07-2022 *\/\n.elementor-widget-image{text-align:center}.elementor-widget-image a{display:inline-block}.elementor-widget-image a img[src$=\".svg\"]{width:48px}.elementor-widget-image img{vertical-align:middle;display:inline-block}<\/style>\t\t\t\t\t\t\t\t\t\t\t\t<img loading=\"lazy\" decoding=\"async\" width=\"551\" height=\"229\" src=\"https:\/\/egofit.fr\/wp-content\/uploads\/2024\/03\/logo-blanc.png\" class=\"attachment-large size-large\" alt=\"\" srcset=\"https:\/\/egofit.fr\/wp-content\/uploads\/2024\/03\/logo-blanc.png 551w, https:\/\/egofit.fr\/wp-content\/uploads\/2024\/03\/logo-blanc-300x125.png 300w\" sizes=\"auto, (max-width: 551px) 100vw, 551px\" \/>\t\t\t\t\t\t\t\t\t\t\t\t\t\t\t<\/div>\n\t\t\t\t<\/div>\n\t\t\t\t<div class=\"elementor-element elementor-element-8883f6d elementor-widget elementor-widget-heading\" data-id=\"8883f6d\" data-element_type=\"widget\" data-widget_type=\"heading.default\">\n\t\t\t\t<div class=\"elementor-widget-container\">\n\t\t\t<style>\/*! elementor - v3.6.7 - 03-07-2022 *\/\n.elementor-heading-title{padding:0;margin:0;line-height:1}.elementor-widget-heading .elementor-heading-title[class*=elementor-size-]>a{color:inherit;font-size:inherit;line-height:inherit}.elementor-widget-heading .elementor-heading-title.elementor-size-small{font-size:15px}.elementor-widget-heading .elementor-heading-title.elementor-size-medium{font-size:19px}.elementor-widget-heading .elementor-heading-title.elementor-size-large{font-size:29px}.elementor-widget-heading .elementor-heading-title.elementor-size-xl{font-size:39px}.elementor-widget-heading .elementor-heading-title.elementor-size-xxl{font-size:59px}<\/style><h1 class=\"elementor-heading-title elementor-size-default\">SERIEZ-VOUS PR\u00caT \u00c0 VOUS LAISSER UNE CHANCE ...<br>DONNEZ-NOUS VOTRE ADRESSE E-MAIL :<\/h1>\t\t<\/div>\n\t\t\t\t<\/div>\n\t\t\t\t<div class=\"elementor-element elementor-element-9cb628f elementor-widget elementor-widget-shortcode\" data-id=\"9cb628f\" data-element_type=\"widget\" data-widget_type=\"shortcode.default\">\n\t\t\t\t<div class=\"elementor-widget-container\">\n\t\t\t\t\t<div class=\"elementor-shortcode\"><div role=\"form\" class=\"wpcf7\" id=\"wpcf7-f36-o1\" lang=\"fr-FR\" dir=\"ltr\">\n<div class=\"screen-reader-response\"><p role=\"status\" aria-live=\"polite\" aria-atomic=\"true\"><\/p> <ul><\/ul><\/div>\n<form action=\"\/index.php\/wp-json\/wp\/v2\/pages\/9#wpcf7-f36-o1\" method=\"post\" class=\"wpcf7-form init\" novalidate=\"novalidate\" data-status=\"init\">\n<div style=\"display: none;\">\n<input type=\"hidden\" name=\"_wpcf7\" value=\"36\" \/>\n<input type=\"hidden\" name=\"_wpcf7_version\" value=\"5.6.1\" \/>\n<input type=\"hidden\" name=\"_wpcf7_locale\" value=\"fr_FR\" \/>\n<input type=\"hidden\" name=\"_wpcf7_unit_tag\" value=\"wpcf7-f36-o1\" \/>\n<input type=\"hidden\" name=\"_wpcf7_container_post\" value=\"0\" \/>\n<input type=\"hidden\" name=\"_wpcf7_posted_data_hash\" value=\"\" \/>\n<\/div>\n<div style=\"margin 20px ; text-align:center\">\n<span class=\"wpcf7-form-control-wrap\" data-name=\"email\"><input type=\"email\" name=\"email\" value=\"Votre adresse e-mail\" size=\"40\" class=\"wpcf7-form-control wpcf7-text wpcf7-email wpcf7-validates-as-required wpcf7-validates-as-email\" aria-required=\"true\" aria-invalid=\"false\" \/><\/span><\/p>\n<p><input type=\"submit\" value=\"Envoyer\" class=\"wpcf7-form-control has-spinner wpcf7-submit\" \/>\n<\/p><\/div>\n<p style=\"display: none !important;\"><label>&#916;<textarea name=\"_wpcf7_ak_hp_textarea\" cols=\"45\" rows=\"8\" maxlength=\"100\"><\/textarea><\/label><input type=\"hidden\" id=\"ak_js\" name=\"_wpcf7_ak_js\" value=\"149\"\/><script>document.getElementById( \"ak_js\" ).setAttribute( \"value\", ( new Date() ).getTime() );<\/script><\/p><div class=\"wpcf7-response-output\" aria-hidden=\"true\"><\/div><\/form><\/div><\/div>\n\t\t\t\t<\/div>\n\t\t\t\t<\/div>\n\t\t\t\t<div class=\"elementor-element elementor-element-9244a51 elementor-widget elementor-widget-testimonial\" data-id=\"9244a51\" data-element_type=\"widget\" data-widget_type=\"testimonial.default\">\n\t\t\t\t<div class=\"elementor-widget-container\">\n\t\t\t<style>\/*! elementor - v3.6.7 - 03-07-2022 *\/\n.elementor-testimonial-wrapper{overflow:hidden;text-align:center}.elementor-testimonial-wrapper .elementor-testimonial-content{font-size:1.3em;margin-bottom:20px}.elementor-testimonial-wrapper .elementor-testimonial-name{line-height:1.5;display:block}.elementor-testimonial-wrapper .elementor-testimonial-job{font-size:.85em;display:block}.elementor-testimonial-wrapper .elementor-testimonial-meta{width:100%;line-height:1}.elementor-testimonial-wrapper .elementor-testimonial-meta-inner{display:inline-block}.elementor-testimonial-wrapper .elementor-testimonial-meta .elementor-testimonial-details,.elementor-testimonial-wrapper .elementor-testimonial-meta .elementor-testimonial-image{display:table-cell;vertical-align:middle}.elementor-testimonial-wrapper .elementor-testimonial-meta .elementor-testimonial-image img{width:60px;height:60px;border-radius:50%;-o-object-fit:cover;object-fit:cover;max-width:none}.elementor-testimonial-wrapper .elementor-testimonial-meta.elementor-testimonial-image-position-aside .elementor-testimonial-image{padding-right:15px}.elementor-testimonial-wrapper .elementor-testimonial-meta.elementor-testimonial-image-position-aside .elementor-testimonial-details{text-align:left}.elementor-testimonial-wrapper .elementor-testimonial-meta.elementor-testimonial-image-position-top .elementor-testimonial-details,.elementor-testimonial-wrapper .elementor-testimonial-meta.elementor-testimonial-image-position-top .elementor-testimonial-image{display:block}.elementor-testimonial-wrapper .elementor-testimonial-meta.elementor-testimonial-image-position-top .elementor-testimonial-image{margin-bottom:20px}<\/style>\t\t<div class=\"elementor-testimonial-wrapper\">\n\t\t\t\t\t\t\t<div class=\"elementor-testimonial-content\">Le corps accomplit ce en quoi l'esprit croit <\/div>\n\t\t\t\n\t\t\t\t\t\t<div class=\"elementor-testimonial-meta elementor-has-image elementor-testimonial-image-position-top\">\n\t\t\t\t<div class=\"elementor-testimonial-meta-inner\">\n\t\t\t\t\t\t\t\t\t\t\t<div class=\"elementor-testimonial-image\">\n\t\t\t\t\t\t\t<img loading=\"lazy\" decoding=\"async\" width=\"800\" height=\"800\" src=\"https:\/\/egofit.fr\/wp-content\/uploads\/2022\/07\/arton17940.jpg\" class=\"attachment-full size-full\" alt=\"\" \/>\t\t\t\t\t\t<\/div>\n\t\t\t\t\t\n\t\t\t\t\t\t\t\t\t\t<div class=\"elementor-testimonial-details\">\n\t\t\t\t\t\t\t\t\t\t\t\t\t\t<div class=\"elementor-testimonial-name\">PAUL LYNCH<\/div>\n\t\t\t\t\t\t\t\t\t\t\t\t\t\t\t\t\t\t\t\t\t\t<div class=\"elementor-testimonial-job\">Grace<\/div>\n\t\t\t\t\t\t\t\t\t\t\t\t\t<\/div>\n\t\t\t\t\t\t\t\t\t<\/div>\n\t\t\t<\/div>\n\t\t\t\t\t<\/div>\n\t\t\t\t<\/div>\n\t\t\t\t<\/div>\n\t\t\t\t<div class=\"elementor-element elementor-element-157075d elementor-widget elementor-widget-text-editor\" data-id=\"157075d\" data-element_type=\"widget\" data-widget_type=\"text-editor.default\">\n\t\t\t\t<div class=\"elementor-widget-container\">\n\t\t\t<style>\/*! elementor - v3.6.7 - 03-07-2022 *\/\n.elementor-widget-text-editor.elementor-drop-cap-view-stacked .elementor-drop-cap{background-color:#818a91;color:#fff}.elementor-widget-text-editor.elementor-drop-cap-view-framed .elementor-drop-cap{color:#818a91;border:3px solid;background-color:transparent}.elementor-widget-text-editor:not(.elementor-drop-cap-view-default) .elementor-drop-cap{margin-top:8px}.elementor-widget-text-editor:not(.elementor-drop-cap-view-default) .elementor-drop-cap-letter{width:1em;height:1em}.elementor-widget-text-editor .elementor-drop-cap{float:left;text-align:center;line-height:1;font-size:50px}.elementor-widget-text-editor .elementor-drop-cap-letter{display:inline-block}<\/style>\t\t\t\t<p>Les questions \u00e0 vous poser sont :<\/p>\n<ul>\n<li>Mon ego correspond-t-il \u00e0 la vision que j&rsquo;ai de moi m\u00eame <img decoding=\"async\" draggable=\"false\" role=\"img\" class=\"emoji\" alt=\"\u2753\" src=\"https:\/\/s.w.org\/images\/core\/emoji\/14.0.0\/svg\/2753.svg\"><\/li>\n<li>Mon ego est-il sous contr\u00f4le <img decoding=\"async\" draggable=\"false\" role=\"img\" class=\"emoji\" alt=\"\u2753\" src=\"https:\/\/s.w.org\/images\/core\/emoji\/14.0.0\/svg\/2753.svg\"><\/li>\n<li>QUI en a le contr\u00f4le, le regard des autres ou le mien <img decoding=\"async\" draggable=\"false\" role=\"img\" class=\"emoji\" alt=\"\u2753\" src=\"https:\/\/s.w.org\/images\/core\/emoji\/14.0.0\/svg\/2753.svg\"><\/li>\n<\/ul>\n<p>Face \u00e0 notre ego, nous sommes tous similaires et pourtant diff\u00e9rents, tant culturellement que physiquement, psychologiquement et mentalement.<\/p>\n<p>Ne pas s&rsquo;adapter aux caract\u00e9ristiques de chaque individu et les voir comme des d\u00e9fauts plut\u00f4t que de les voir comme des qualit\u00e9s, sous pr\u00e9texte qu&rsquo;elles ne nous correspondent pas, c&rsquo;est avoir le mauvais regard.<\/p>\n<p>S&rsquo;appeler \u00e0 vivre, c&rsquo;est s&rsquo;attarder \u00e0 comprendre ses peurs, les reconna\u00eetre, et les identifier :<\/p>\n<p>EGOFIT IDENTIFIERA \u00c0 QUEL TYPE DE MOTIVATION VOUS APPARTENEZ <img decoding=\"async\" draggable=\"false\" role=\"img\" class=\"emoji\" alt=\"\u2757\" src=\"https:\/\/s.w.org\/images\/core\/emoji\/14.0.0\/svg\/2757.svg\"><\/p>\n<p>Avoir le \u00ab\u00a0Flash Essentiel\u00a0\u00bb, c&rsquo;est accepter la caract\u00e9ristique individuelle qui d\u00e9range et faire de cette derni\u00e8re un atout fort des valeurs repr\u00e9sent\u00e9es par la \u00ab\u00a0LOYAUT\u00c9\u00a0\u00bb LA \u00ab\u00a0RESILIENCE\u00a0\u00bb pour atteindre \u00ab\u00a0L&rsquo;ABOUTISSEMENT\u00a0\u00bb.<\/p>\n<p>EGOFIT INT\u00c8GRE LE PRINCIPE SELON LEQUEL CHAQUE INDIVIDU EST UNE VALEUR AJOUT\u00c9E, LA R\u00c9V\u00c9LATION DE CE PRINCIPE ET LA FA\u00c7ON D&rsquo;EXPRIMER SON POTENTIEL SONT LA CLEF.&nbsp;<\/p>\t\t\t\t\t\t<\/div>\n\t\t\t\t<\/div>\n\t\t\t\t<div class=\"elementor-element elementor-element-c958fdb elementor-widget elementor-widget-testimonial\" data-id=\"c958fdb\" data-element_type=\"widget\" data-widget_type=\"testimonial.default\">\n\t\t\t\t<div class=\"elementor-widget-container\">\n\t\t\t\t\t<div class=\"elementor-testimonial-wrapper\">\n\t\t\t\t\t\t\t<div class=\"elementor-testimonial-content\">Fais le point, soit conscient de tes atouts, r\u00e9alise toi.<\/div>\n\t\t\t\n\t\t\t\t\t\t<div class=\"elementor-testimonial-meta elementor-has-image elementor-testimonial-image-position-top\">\n\t\t\t\t<div class=\"elementor-testimonial-meta-inner\">\n\t\t\t\t\t\t\t\t\t\t\t<div class=\"elementor-testimonial-image\">\n\t\t\t\t\t\t\t<img loading=\"lazy\" decoding=\"async\" width=\"199\" height=\"300\" src=\"https:\/\/egofit.fr\/wp-content\/uploads\/2022\/07\/71IWUTVifqL-199x300.jpg\" class=\"attachment-medium size-medium\" alt=\"\" \/>\t\t\t\t\t\t<\/div>\n\t\t\t\t\t\n\t\t\t\t\t\t\t\t\t\t<div class=\"elementor-testimonial-details\">\n\t\t\t\t\t\t\t\t\t\t\t\t\t\t<div class=\"elementor-testimonial-name\">ARTHUR ASHE<\/div>\n\t\t\t\t\t\t\t\t\t\t\t\t\t\t\t\t\t\t\t<\/div>\n\t\t\t\t\t\t\t\t\t<\/div>\n\t\t\t<\/div>\n\t\t\t\t\t<\/div>\n\t\t\t\t<\/div>\n\t\t\t\t<\/div>\n\t\t\t\t<div class=\"elementor-element elementor-element-c294b91 elementor-widget elementor-widget-heading\" data-id=\"c294b91\" data-element_type=\"widget\" data-widget_type=\"heading.default\">\n\t\t\t\t<div class=\"elementor-widget-container\">\n\t\t\t<h1 class=\"elementor-heading-title elementor-size-default\">SERIEZ-VOUS PR\u00caT \u00c0 VOUS LAISSER UNE CHANCE...<br>DONNEZ-NOUS VOTRE ADRESSE E-MAIL :<\/h1>\t\t<\/div>\n\t\t\t\t<\/div>\n\t\t\t\t<div class=\"elementor-element elementor-element-658236f elementor-widget elementor-widget-shortcode\" data-id=\"658236f\" data-element_type=\"widget\" data-widget_type=\"shortcode.default\">\n\t\t\t\t<div class=\"elementor-widget-container\">\n\t\t\t\t\t<div class=\"elementor-shortcode\"><div role=\"form\" class=\"wpcf7\" id=\"wpcf7-f36-o2\" lang=\"fr-FR\" dir=\"ltr\">\n<div class=\"screen-reader-response\"><p role=\"status\" aria-live=\"polite\" aria-atomic=\"true\"><\/p> <ul><\/ul><\/div>\n<form action=\"\/index.php\/wp-json\/wp\/v2\/pages\/9#wpcf7-f36-o2\" method=\"post\" class=\"wpcf7-form init\" novalidate=\"novalidate\" data-status=\"init\">\n<div style=\"display: none;\">\n<input type=\"hidden\" name=\"_wpcf7\" value=\"36\" \/>\n<input type=\"hidden\" name=\"_wpcf7_version\" value=\"5.6.1\" \/>\n<input type=\"hidden\" name=\"_wpcf7_locale\" value=\"fr_FR\" \/>\n<input type=\"hidden\" name=\"_wpcf7_unit_tag\" value=\"wpcf7-f36-o2\" \/>\n<input type=\"hidden\" name=\"_wpcf7_container_post\" value=\"0\" \/>\n<input type=\"hidden\" name=\"_wpcf7_posted_data_hash\" value=\"\" \/>\n<\/div>\n<div style=\"margin 20px ; text-align:center\">\n<span class=\"wpcf7-form-control-wrap\" data-name=\"email\"><input type=\"email\" name=\"email\" value=\"Votre adresse e-mail\" size=\"40\" class=\"wpcf7-form-control wpcf7-text wpcf7-email wpcf7-validates-as-required wpcf7-validates-as-email\" aria-required=\"true\" aria-invalid=\"false\" \/><\/span><\/p>\n<p><input type=\"submit\" value=\"Envoyer\" class=\"wpcf7-form-control has-spinner wpcf7-submit\" \/>\n<\/p><\/div>\n<p style=\"display: none !important;\"><label>&#916;<textarea name=\"_wpcf7_ak_hp_textarea\" cols=\"45\" rows=\"8\" maxlength=\"100\"><\/textarea><\/label><input type=\"hidden\" id=\"ak_js\" name=\"_wpcf7_ak_js\" value=\"97\"\/><script>document.getElementById( \"ak_js\" ).setAttribute( \"value\", ( new Date() ).getTime() );<\/script><\/p><div class=\"wpcf7-response-output\" aria-hidden=\"true\"><\/div><\/form><\/div><\/div>\n\t\t\t\t<\/div>\n\t\t\t\t<\/div>\n\t\t\t\t\t<\/div>\n\t\t<\/div>\n\t\t\t\t\t\t\t<\/div>\n\t\t<\/section>\n\t\t\t\t<section class=\"elementor-section elementor-top-section elementor-element elementor-element-86eba30 elementor-section-boxed elementor-section-height-default elementor-section-height-default\" data-id=\"86eba30\" data-element_type=\"section\">\n\t\t\t\t\t\t<div class=\"elementor-container elementor-column-gap-default\">\n\t\t\t\t\t<div class=\"elementor-column elementor-col-100 elementor-top-column elementor-element elementor-element-37911f0\" data-id=\"37911f0\" data-element_type=\"column\">\n\t\t\t<div class=\"elementor-widget-wrap\">\n\t\t\t\t\t\t\t\t\t<\/div>\n\t\t<\/div>\n\t\t\t\t\t\t\t<\/div>\n\t\t<\/section>\n\t\t\t\t\t\t\t<\/div>\n\t\t","protected":false},"excerpt":{"rendered":"<p>SERIEZ-VOUS PR\u00caT \u00c0 VOUS LAISSER UNE CHANCE &#8230;DONNEZ-NOUS VOTRE ADRESSE E-MAIL : Le corps accomplit ce en quoi l&rsquo;esprit croit PAUL LYNCH Grace Les questions \u00e0 vous poser sont : Mon ego correspond-t-il \u00e0 la vision que j&rsquo;ai de moi m\u00eame Mon ego est-il sous contr\u00f4le QUI en a le contr\u00f4le, le regard des autres &hellip;<\/p>\n<p class=\"read-more\"> <a class=\"\" href=\"https:\/\/egofit.fr\/\"> <span class=\"screen-reader-text\">L&rsquo;histoire commence ici<\/span> Lire la suite\u00a0\u00bb<\/a><\/p>\n","protected":false},"author":1,"featured_media":0,"parent":0,"menu_order":0,"comment_status":"closed","ping_status":"closed","template":"elementor_canvas","meta":{"site-sidebar-layout":"no-sidebar","site-content-layout":"page-builder","ast-global-header-display":"","ast-main-header-display":"","ast-hfb-above-header-display":"","ast-hfb-below-header-display":"","ast-hfb-mobile-header-display":"","site-post-title":"disabled","ast-breadcrumbs-content":"","ast-featured-img":"disabled","footer-sml-layout":"","theme-transparent-header-meta":"","adv-header-id-meta":"","stick-header-meta":"","header-above-stick-meta":"","header-main-stick-meta":"","header-below-stick-meta":"","footnotes":""},"class_list":["post-9","page","type-page","status-publish","hentry"],"_links":{"self":[{"href":"https:\/\/egofit.fr\/index.php\/wp-json\/wp\/v2\/pages\/9","targetHints":{"allow":["GET"]}}],"collection":[{"href":"https:\/\/egofit.fr\/index.php\/wp-json\/wp\/v2\/pages"}],"about":[{"href":"https:\/\/egofit.fr\/index.php\/wp-json\/wp\/v2\/types\/page"}],"author":[{"embeddable":true,"href":"https:\/\/egofit.fr\/index.php\/wp-json\/wp\/v2\/users\/1"}],"replies":[{"embeddable":true,"href":"https:\/\/egofit.fr\/index.php\/wp-json\/wp\/v2\/comments?post=9"}],"version-history":[{"count":62,"href":"https:\/\/egofit.fr\/index.php\/wp-json\/wp\/v2\/pages\/9\/revisions"}],"predecessor-version":[{"id":97,"href":"https:\/\/egofit.fr\/index.php\/wp-json\/wp\/v2\/pages\/9\/revisions\/97"}],"wp:attachment":[{"href":"https:\/\/egofit.fr\/index.php\/wp-json\/wp\/v2\/media?parent=9"}],"curies":[{"name":"wp","href":"https:\/\/api.w.org\/{rel}","templated":true}]}}